{"id":1679,"date":"2020-03-31T12:04:59","date_gmt":"2020-03-31T12:04:59","guid":{"rendered":"http:\/\/ninjutsu-kreuzberg.de\/?page_id=1679"},"modified":"2022-01-09T19:35:12","modified_gmt":"2022-01-09T19:35:12","slug":"imprint-data-privacy","status":"publish","type":"page","link":"http:\/\/ninjutsu-kreuzberg.de\/en\/imprint-data-privacy\/","title":{"rendered":"Imprint \/ Data privacy"},"content":{"rendered":"\n<p>Ninjutsu Kreuzberg GBR<br>Ben Warzecha, Anna Buttkus<br>Wiener Str. 35, 10999 Berlin<br>E-Mail: info@ninjutsu-kreuzberg.de<\/p>\n\n\n\n<p>Inhaltlich Verantwortliche gem\u00e4ss \u00a7 10 Absatz 3 MDStV: <\/p>\n\n\n\n<p>Benedikt Warzecha, Anna Buttkus<\/p>\n\n\n\n<p>Amtsgericht Berlin-Charlottenburg \u00b7 PR 476 B<\/p>\n\n\n\n<p>Website-Design: <a href=\"http:\/\/nickschaeferhoff.de\">Nick Sch\u00e4ferhoff<\/a><br>Fotos: <a href=\"http:\/\/www.christiandemarco.com\">Christian Demarco<\/a><\/p>\n\n\n\n<p><\/p>\n\n\n\n<p>Haftungshinweis: Trotz sorgf\u00e4ltiger inhaltlicher Kontrolle \u00fcbernehmen wir keine Haftung f\u00fcr die Inhalte externer Links. F\u00fcr den Inhalt der verlinkten Seiten sind ausschlie\u00dflich deren Betreiber verantwortlich.<\/p>\n\n\n\n<p>Datenschutz: Durch Ihren Besuch auf unseren Internetseiten speichern unsere Server standardm\u00e4\u00dfig verschiedene Zugriffsdaten in einem eletronischen Protokoll (\u201cLogfile\u201d). Zu diesen Daten geh\u00f6ren die IP-Adresse Ihres Zugangs, die Webseite, von der aus Sie uns besuchen, die Webseiten, die Sie bei uns besuchen sowie das Datum, die Uhrzeit des Seitenabrufs und damit die Dauer des Besuches. Diese Daten enthalten keine personenbezogenen Daten und werden ausschlie\u00dflich zu statistischen Zwecken ausgewertet und auf keinen Fall an Dritte weitergegeben.<\/p>\n\n\n\n<p>Soweit auf unseren Seiten personenbezogene Daten (beispielsweise Name, Anschrift oder eMail-Adressen) erhoben werden, erfolgt dies soweit m\u00f6glich stets auf freiwilliger Basis. Die Nutzung der Angebote und Dienste ist, soweit m\u00f6glich, stets ohne Angabe personenbezogener Daten m\u00f6glich.<\/p>\n\n\n\n<p>Der Nutzung von im Rahmen der Impressumspflicht ver\u00f6ffentlichten Kontaktdaten durch Dritte zur \u00dcbersendung von nicht ausdr\u00fccklich angeforderter Werbung und Informationsmaterialien wird hiermit ausdr\u00fccklich widersprochen. Die Betreiber der Seiten behalten sich ausdr\u00fccklich rechtliche Schritte im Falle der unverlangten Zusendung von Werbeinformationen, etwa durch Spam-Mails, vor.<\/p>\n","protected":false},"excerpt":{"rendered":"<p>Ninjutsu Kreuzberg GBRBen Warzecha, Anna ButtkusWiener Str. 35, 10999 BerlinE-Mail: info@ninjutsu-kreuzberg.de Inhaltlich Verantwortliche gem\u00e4ss \u00a7 10 Absatz 3 MDStV: Benedikt Warzecha, Anna Buttkus Amtsgericht Berlin-Charlottenburg \u00b7 PR 476 B Website-Design: Nick Sch\u00e4ferhoffFotos: Christian Demarco Haftungshinweis: Trotz sorgf\u00e4ltiger inhaltlicher Kontrolle \u00fcbernehmen wir keine Haftung f\u00fcr die Inhalte externer Links. F\u00fcr den Inhalt der verlinkten Seiten sind [&hellip;]<\/p>\n","protected":false},"author":3,"featured_media":0,"parent":0,"menu_order":0,"comment_status":"open","ping_status":"open","template":"","meta":{"_genesis_hide_title":false,"_genesis_hide_breadcrumbs":false,"_genesis_hide_singular_image":false,"_genesis_hide_footer_widgets":false,"_genesis_custom_body_class":"","_genesis_custom_post_class":"","_genesis_layout":"","footnotes":""},"_links":{"self":[{"href":"http:\/\/ninjutsu-kreuzberg.de\/en\/wp-json\/wp\/v2\/pages\/1679"}],"collection":[{"href":"http:\/\/ninjutsu-kreuzberg.de\/en\/wp-json\/wp\/v2\/pages"}],"about":[{"href":"http:\/\/ninjutsu-kreuzberg.de\/en\/wp-json\/wp\/v2\/types\/page"}],"author":[{"embeddable":true,"href":"http:\/\/ninjutsu-kreuzberg.de\/en\/wp-json\/wp\/v2\/users\/3"}],"replies":[{"embeddable":true,"href":"http:\/\/ninjutsu-kreuzberg.de\/en\/wp-json\/wp\/v2\/comments?post=1679"}],"version-history":[{"count":3,"href":"http:\/\/ninjutsu-kreuzberg.de\/en\/wp-json\/wp\/v2\/pages\/1679\/revisions"}],"predecessor-version":[{"id":1780,"href":"http:\/\/ninjutsu-kreuzberg.de\/en\/wp-json\/wp\/v2\/pages\/1679\/revisions\/1780"}],"wp:attachment":[{"href":"http:\/\/ninjutsu-kreuzberg.de\/en\/wp-json\/wp\/v2\/media?parent=1679"}],"curies":[{"name":"wp","href":"https:\/\/api.w.org\/{rel}","templated":true}]}}